{"id":2945,"date":"2015-07-04T16:03:27","date_gmt":"2015-07-04T13:03:27","guid":{"rendered":"https:\/\/www.efepark.com\/urun\/p-038\/"},"modified":"2015-07-04T16:03:27","modified_gmt":"2015-07-04T13:03:27","slug":"p-038","status":"publish","type":"product","link":"https:\/\/www.efepark.com\/en\/product\/p-038\/","title":{"rendered":"P.038"},"content":{"rendered":"","protected":false},"excerpt":{"rendered":"<p>Installation Area<\/th>\n<th>950&#215;1240 cm<\/th>\n<\/tr>\n<\/tbody>\n<\/table>\n<p><span style=\"color: #000080;\"><div class=\"container section-title-container\" ><h3 class=\"section-title section-title-normal\"><b><\/b><span class=\"section-title-main\" >Aktiviteler<\/span><b><\/b><\/h3><\/div><\/span><\/p>\n<table>\n<tbody>\n<tr>\n<th>\n<h4><b>Par\u00e7a<\/b><\/h4>\n<\/th>\n<th>\n<h4><b>Adet<\/b><\/h4>\n<\/th>\n<\/tr>\n<tr>\n<th><strong>K\u0131sa Dalgal\u0131 Kayd\u0131rak<\/strong><\/th>\n<th>1<\/th>\n<\/tr>\n<tr>\n<th>K\u0131sa D\u00fcz Kayd\u0131rak<\/th>\n<th>1<\/th>\n<\/tr>\n<tr>\n<th>D\u00fcz Kayd\u0131rak(150cm)<\/th>\n<th>1<\/th>\n<\/tr>\n<tr>\n<th>T\u00fcp Kayd\u0131rak(150cm)<\/th>\n<th>2<\/th>\n<\/tr>\n<tr>\n<th>Rampa<\/th>\n<th>3<\/th>\n<\/tr>\n<tr>\n<th><strong>Tik Tak Pano<\/strong><\/th>\n<th>1<\/th>\n<\/tr>\n<tr>\n<th>Pano<\/th>\n<th>6<\/th>\n<\/tr>\n<tr>\n<th>Palmiye Fig\u00fcr\u00fc<\/th>\n<th>2<\/th>\n<\/tr>\n<tr>\n<th>Kare \u00c7at\u0131<\/th>\n<th>1<\/th>\n<\/tr>\n<tr>\n<th>Alt\u0131gen \u00c7at\u0131<\/th>\n<th>1<\/th>\n<\/tr>\n<\/tbody>\n<\/table>\n<div class=\"container section-title-container\" ><h3 class=\"section-title section-title-normal\"><b><\/b><span class=\"section-title-main\" >Specifications<\/span><b><\/b><\/h3><\/div>\n<table>\n<tbody>\n<tr>\n<th><a href=\"https:\/\/www.efepark.com\/wp-content\/uploads\/2013\/08\/100713_125359.jpg\"><img class=\"alignnone size-full wp-image-2715\" src=\"https:\/\/www.efepark.com\/wp-content\/uploads\/2013\/08\/100713_125359.jpg\" alt=\"100713_125359\" width=\"25\" height=\"25\" \/><\/a><\/th>\n<th>User Age<\/th>\n<th>3 &#8211; 15 Ya\u015f<\/th>\n<\/tr>\n<tr>\n<th><a href=\"https:\/\/www.efepark.com\/wp-content\/uploads\/2013\/08\/100713_125403.jpg\"><img class=\"alignnone size-full wp-image-2716\" src=\"https:\/\/www.efepark.com\/wp-content\/uploads\/2013\/08\/100713_125403.jpg\" alt=\"100713_125403\" width=\"35\" height=\"25\" \/><\/a><\/th>\n<th>User Capacity<\/th>\n<th>59 Ki\u015fi<\/th>\n<\/tr>\n<tr>\n<th><a href=\"https:\/\/www.efepark.com\/wp-content\/uploads\/2013\/08\/100713_125410.jpg\"><img class=\"alignnone size-full wp-image-2717\" src=\"https:\/\/www.efepark.com\/wp-content\/uploads\/2013\/08\/100713_125410.jpg\" alt=\"100713_125410\" width=\"34\" height=\"24\" \/><\/a><\/th>\n<th>Safety Area<\/th>\n<th>1350&#215;1590 cm<\/th>\n<\/tr>\n<tr>\n<th><img class=\"alignnone wp-image-2956 size-full\" src=\"https:\/\/www.efepark.com\/wp-content\/uploads\/2015\/07\/100713_124901.jpg\" alt=\"\" width=\"25\" height=\"24\" \/><\/th>\n<th>Seating Area<\/th>\n<th>950&#215;1240 cm<\/th>\n<\/tr>\n<\/tbody>\n<\/table>\n<p><span style=\"color: #000080;\"><div class=\"container section-title-container\" ><h3 class=\"section-title section-title-normal\"><b><\/b><span class=\"section-title-main\" >Activities<\/span><b><\/b><\/h3><\/div><\/span><\/p>\n<table>\n<tbody>\n<tr>\n<th>\n<h4><b>Unit<\/b><\/h4>\n<\/th>\n<th>\n<h4><b>Pieces<\/b><\/h4>\n<\/th>\n<\/tr>\n<tr>\n<th><strong>Short Wave Slide<\/strong><\/th>\n<th>1<\/th>\n<\/tr>\n<tr>\n<th>Simple Slide<\/th>\n<th>1<\/th>\n<\/tr>\n<tr>\n<th>Simple Slide(150cm)<\/th>\n<th>1<\/th>\n<\/tr>\n<tr>\n<th>Tube Slide(150cm)<\/th>\n<th>2<\/th>\n<\/tr>\n<tr>\n<th>Ramp<\/th>\n<th>3<\/th>\n<\/tr>\n<tr>\n<th><strong>Tick Tock Panel<\/strong><\/th>\n<th>1<\/th>\n<\/tr>\n<tr>\n<th>Panel<\/th>\n<th>6<\/th>\n<\/tr>\n<tr>\n<th>Palm Figure<\/th>\n<th>2<\/th>\n<\/tr>\n<tr>\n<th>Square Roof<\/th>\n<th>1<\/th>\n<\/tr>\n<tr>\n<th>Hexagonal Roof<\/th>\n<th>1<\/th>\n<\/tr>\n<\/tbody>\n<\/table>\n","protected":false},"featured_media":4059,"template":"","meta":[],"product_cat":[60],"product_tag":[],"_links":{"self":[{"href":"https:\/\/www.efepark.com\/en\/wp-json\/wp\/v2\/product\/2945"}],"collection":[{"href":"https:\/\/www.efepark.com\/en\/wp-json\/wp\/v2\/product"}],"about":[{"href":"https:\/\/www.efepark.com\/en\/wp-json\/wp\/v2\/types\/product"}],"wp:featuredmedia":[{"embeddable":true,"href":"https:\/\/www.efepark.com\/en\/wp-json\/wp\/v2\/media\/4059"}],"wp:attachment":[{"href":"https:\/\/www.efepark.com\/en\/wp-json\/wp\/v2\/media?parent=2945"}],"wp:term":[{"taxonomy":"product_cat","embeddable":true,"href":"https:\/\/www.efepark.com\/en\/wp-json\/wp\/v2\/product_cat?post=2945"},{"taxonomy":"product_tag","embeddable":true,"href":"https:\/\/www.efepark.com\/en\/wp-json\/wp\/v2\/product_tag?post=2945"}],"curies":[{"name":"wp","href":"https:\/\/api.w.org\/{rel}","templated":true}]}}