{"id":3265,"date":"2015-07-05T12:35:55","date_gmt":"2015-07-05T09:35:55","guid":{"rendered":"https:\/\/www.efepark.com\/urun\/p-016\/"},"modified":"2015-07-05T12:35:55","modified_gmt":"2015-07-05T09:35:55","slug":"p-016","status":"publish","type":"product","link":"https:\/\/www.efepark.com\/en\/product\/p-016\/","title":{"rendered":"P.016"},"content":{"rendered":"","protected":false},"excerpt":{"rendered":"<p>Installation Area<\/th>\n<th>980&#215;1160 cm<\/th>\n<\/tr>\n<\/tbody>\n<\/table>\n<p><span style=\"color: #000080;\"><div class=\"container section-title-container\" ><h3 class=\"section-title section-title-normal\"><b><\/b><span class=\"section-title-main\" >Aktiviteler<\/span><b><\/b><\/h3><\/div><\/span><\/p>\n<table>\n<tbody>\n<tr>\n<th>\n<h4><b>Par\u00e7a<\/b><\/h4>\n<\/th>\n<th>\n<h4><b>Adet<\/b><\/h4>\n<\/th>\n<\/tr>\n<tr>\n<th>T\u00fcp Kayd\u0131rak( 150cm)<\/th>\n<th>1<\/th>\n<\/tr>\n<tr>\n<th>K\u0131sa Dalgal\u0131 Kayd\u0131rak<\/th>\n<th>1<\/th>\n<\/tr>\n<tr>\n<th>D\u00fcz Kayd\u0131rak (150cm)<\/th>\n<th>1<\/th>\n<\/tr>\n<tr>\n<th>Spiral Kayd\u0131rak (200cm)<\/th>\n<th>1<\/th>\n<\/tr>\n<tr>\n<th>Pano<\/th>\n<th>5<\/th>\n<\/tr>\n<tr>\n<th>T\u00fcp Ge\u00e7it<\/th>\n<th>1<\/th>\n<\/tr>\n<tr>\n<th>Rampa<\/th>\n<th>2<\/th>\n<\/tr>\n<tr>\n<th>Merdiven<\/th>\n<th>1<\/th>\n<\/tr>\n<tr>\n<th>Kare \u00c7at\u0131<\/th>\n<th>2<\/th>\n<\/tr>\n<\/tbody>\n<\/table>\n<div class=\"container section-title-container\" ><h3 class=\"section-title section-title-normal\"><b><\/b><span class=\"section-title-main\" >Specifications<\/span><b><\/b><\/h3><\/div>\n<table>\n<tbody>\n<tr>\n<th><a href=\"https:\/\/www.efepark.com\/wp-content\/uploads\/2013\/08\/100713_125359.jpg\"><img class=\"alignnone size-full wp-image-2715\" src=\"https:\/\/www.efepark.com\/wp-content\/uploads\/2013\/08\/100713_125359.jpg\" alt=\"100713_125359\" width=\"25\" height=\"25\" \/><\/a><\/th>\n<th>User Age<\/th>\n<th>3 &#8211; 15 Ya\u015f<\/th>\n<\/tr>\n<tr>\n<th><a href=\"https:\/\/www.efepark.com\/wp-content\/uploads\/2013\/08\/100713_125403.jpg\"><img class=\"alignnone size-full wp-image-2716\" src=\"https:\/\/www.efepark.com\/wp-content\/uploads\/2013\/08\/100713_125403.jpg\" alt=\"100713_125403\" width=\"35\" height=\"25\" \/><\/a><\/th>\n<th>User Capacity<\/th>\n<th>30 Ki\u015fi<\/th>\n<\/tr>\n<tr>\n<th><a href=\"https:\/\/www.efepark.com\/wp-content\/uploads\/2013\/08\/100713_125410.jpg\"><img class=\"alignnone size-full wp-image-2717\" src=\"https:\/\/www.efepark.com\/wp-content\/uploads\/2013\/08\/100713_125410.jpg\" alt=\"100713_125410\" width=\"34\" height=\"24\" \/><\/a><\/th>\n<th>Safety Area<\/th>\n<th>1380&#215;1560 cm<\/th>\n<\/tr>\n<tr>\n<th><img class=\"alignnone wp-image-2956 size-full\" src=\"https:\/\/www.efepark.com\/wp-content\/uploads\/2015\/07\/100713_124901.jpg\" alt=\"\" width=\"25\" height=\"24\" \/><\/th>\n<th>Seating Area<\/th>\n<th>980&#215;1160 cm<\/th>\n<\/tr>\n<\/tbody>\n<\/table>\n<p><span style=\"color: #000080;\"><div class=\"container section-title-container\" ><h3 class=\"section-title section-title-normal\"><b><\/b><span class=\"section-title-main\" >Activities<\/span><b><\/b><\/h3><\/div><\/span><\/p>\n<table>\n<tbody>\n<tr>\n<th>\n<h4><b>Unit<\/b><\/h4>\n<\/th>\n<th>\n<h4><b>Pieces<\/b><\/h4>\n<\/th>\n<\/tr>\n<tr>\n<th>T\u00fcp Kayd\u0131rak( 150cm)<\/th>\n<th>1<\/th>\n<\/tr>\n<tr>\n<th>Short Wave Slide<\/th>\n<th>1<\/th>\n<\/tr>\n<tr>\n<th>Simple Slide (150cm)<\/th>\n<th>1<\/th>\n<\/tr>\n<tr>\n<th>Spiral Slide (200cm)<\/th>\n<th>1<\/th>\n<\/tr>\n<tr>\n<th>Pano<\/th>\n<th>5<\/th>\n<\/tr>\n<tr>\n<th>Crawl Tube<\/th>\n<th>1<\/th>\n<\/tr>\n<tr>\n<th>Ramp<\/th>\n<th>2<\/th>\n<\/tr>\n<tr>\n<th>Ladder<\/th>\n<th>1<\/th>\n<\/tr>\n<tr>\n<th>Square Roof<\/th>\n<th>2<\/th>\n<\/tr>\n<\/tbody>\n<\/table>\n","protected":false},"featured_media":3948,"template":"","meta":[],"product_cat":[57],"product_tag":[],"_links":{"self":[{"href":"https:\/\/www.efepark.com\/en\/wp-json\/wp\/v2\/product\/3265"}],"collection":[{"href":"https:\/\/www.efepark.com\/en\/wp-json\/wp\/v2\/product"}],"about":[{"href":"https:\/\/www.efepark.com\/en\/wp-json\/wp\/v2\/types\/product"}],"wp:featuredmedia":[{"embeddable":true,"href":"https:\/\/www.efepark.com\/en\/wp-json\/wp\/v2\/media\/3948"}],"wp:attachment":[{"href":"https:\/\/www.efepark.com\/en\/wp-json\/wp\/v2\/media?parent=3265"}],"wp:term":[{"taxonomy":"product_cat","embeddable":true,"href":"https:\/\/www.efepark.com\/en\/wp-json\/wp\/v2\/product_cat?post=3265"},{"taxonomy":"product_tag","embeddable":true,"href":"https:\/\/www.efepark.com\/en\/wp-json\/wp\/v2\/product_tag?post=3265"}],"curies":[{"name":"wp","href":"https:\/\/api.w.org\/{rel}","templated":true}]}}