{"id":3270,"date":"2015-07-05T12:37:06","date_gmt":"2015-07-05T09:37:06","guid":{"rendered":"https:\/\/www.efepark.com\/urun\/p-021\/"},"modified":"2015-07-05T12:37:06","modified_gmt":"2015-07-05T09:37:06","slug":"p-021","status":"publish","type":"product","link":"https:\/\/www.efepark.com\/en\/product\/p-021\/","title":{"rendered":"P.021"},"content":{"rendered":"","protected":false},"excerpt":{"rendered":"<p>Installation Area<\/th>\n<th>740&#215;1300 cm<\/th>\n<\/tr>\n<\/tbody>\n<\/table>\n<p><span style=\"color: #000080;\"><div class=\"container section-title-container\" ><h3 class=\"section-title section-title-normal\"><b><\/b><span class=\"section-title-main\" >Aktiviteler<\/span><b><\/b><\/h3><\/div><\/span><\/p>\n<table>\n<tbody>\n<tr>\n<th>\n<h4><b>Par\u00e7a<\/b><\/h4>\n<\/th>\n<th>\n<h4><b>Adet<\/b><\/h4>\n<\/th>\n<\/tr>\n<tr>\n<th><strong>Spiral Kayd\u0131rak (200 cm)<\/strong><\/th>\n<th>1<\/th>\n<\/tr>\n<tr>\n<th>90 Derece Kayd\u0131rak<\/th>\n<th>1<\/th>\n<\/tr>\n<tr>\n<th>D\u00fcz Kayd\u0131rak (150cm)<\/th>\n<th>1<\/th>\n<\/tr>\n<tr>\n<th><strong>T\u00fcp Kayd\u0131rak(150cm)<\/strong><\/th>\n<th>1<\/th>\n<\/tr>\n<tr>\n<th>Merdiven<\/th>\n<th>2<\/th>\n<\/tr>\n<tr>\n<th>Rampa<\/th>\n<th>1<\/th>\n<\/tr>\n<tr>\n<th>Kare \u00c7at\u0131<\/th>\n<th>2<\/th>\n<\/tr>\n<tr>\n<th>Pano<\/th>\n<th>3<\/th>\n<\/tr>\n<tr>\n<th>Palmiye Fig\u00fcr\u00fc<\/th>\n<th>1<\/th>\n<\/tr>\n<tr>\n<th>G\u00fcne\u015f Fig\u00fcr\u00fc<\/th>\n<th>1<\/th>\n<\/tr>\n<tr>\n<th>Mantar T\u0131rmanma<\/th>\n<th>1<\/th>\n<\/tr>\n<tr>\n<th>Komando Halka<\/th>\n<th>1<\/th>\n<\/tr>\n<tr>\n<th>Mantar T\u0131rmanma<\/th>\n<th>1<\/th>\n<\/tr>\n<\/tbody>\n<\/table>\n<div class=\"container section-title-container\" ><h3 class=\"section-title section-title-normal\"><b><\/b><span class=\"section-title-main\" >Specifications<\/span><b><\/b><\/h3><\/div>\n<table>\n<tbody>\n<tr>\n<th><a href=\"https:\/\/www.efepark.com\/wp-content\/uploads\/2013\/08\/100713_125359.jpg\"><img class=\"alignnone size-full wp-image-2715\" src=\"https:\/\/www.efepark.com\/wp-content\/uploads\/2013\/08\/100713_125359.jpg\" alt=\"100713_125359\" width=\"25\" height=\"25\" \/><\/a><\/th>\n<th>User Age<\/th>\n<th>3 &#8211; 15 Ya\u015f<\/th>\n<\/tr>\n<tr>\n<th><a href=\"https:\/\/www.efepark.com\/wp-content\/uploads\/2013\/08\/100713_125403.jpg\"><img class=\"alignnone size-full wp-image-2716\" src=\"https:\/\/www.efepark.com\/wp-content\/uploads\/2013\/08\/100713_125403.jpg\" alt=\"100713_125403\" width=\"35\" height=\"25\" \/><\/a><\/th>\n<th>User Capacity<\/th>\n<th>46 Ki\u015fi<\/th>\n<\/tr>\n<tr>\n<th><a href=\"https:\/\/www.efepark.com\/wp-content\/uploads\/2013\/08\/100713_125410.jpg\"><img class=\"alignnone size-full wp-image-2717\" src=\"https:\/\/www.efepark.com\/wp-content\/uploads\/2013\/08\/100713_125410.jpg\" alt=\"100713_125410\" width=\"34\" height=\"24\" \/><\/a><\/th>\n<th>Safety Area<\/th>\n<th>1090&#215;1700 cm<\/th>\n<\/tr>\n<tr>\n<th><img class=\"alignnone wp-image-2956 size-full\" src=\"https:\/\/www.efepark.com\/wp-content\/uploads\/2015\/07\/100713_124901.jpg\" alt=\"\" width=\"25\" height=\"24\" \/><\/th>\n<th>Seating Area<\/th>\n<th>740&#215;1300 cm<\/th>\n<\/tr>\n<\/tbody>\n<\/table>\n<p><span style=\"color: #000080;\"><div class=\"container section-title-container\" ><h3 class=\"section-title section-title-normal\"><b><\/b><span class=\"section-title-main\" >Activities<\/span><b><\/b><\/h3><\/div><\/span><\/p>\n<table>\n<tbody>\n<tr>\n<th>\n<h4><b>Unit<\/b><\/h4>\n<\/th>\n<th>\n<h4><b>Pieces<\/b><\/h4>\n<\/th>\n<\/tr>\n<tr>\n<th><strong>Spiral Slide (200cm)<\/strong><\/th>\n<th>1<\/th>\n<\/tr>\n<tr>\n<th>90 Degree Slide<\/th>\n<th>1<\/th>\n<\/tr>\n<tr>\n<th>Simple Slide (150cm)<\/th>\n<th>1<\/th>\n<\/tr>\n<tr>\n<th><strong>Tube Slide(150cm)<\/strong><\/th>\n<th>1<\/th>\n<\/tr>\n<tr>\n<th>Ladder<\/th>\n<th>2<\/th>\n<\/tr>\n<tr>\n<th>Ramp<\/th>\n<th>1<\/th>\n<\/tr>\n<tr>\n<th>Square Roof<\/th>\n<th>2<\/th>\n<\/tr>\n<tr>\n<th>Panel<\/th>\n<th>3<\/th>\n<\/tr>\n<tr>\n<th>Palm Figure<\/th>\n<th>1<\/th>\n<\/tr>\n<tr>\n<th>Sun Figure<\/th>\n<th>1<\/th>\n<\/tr>\n<tr>\n<th>Pontoon Climbing<\/th>\n<th>1<\/th>\n<\/tr>\n<tr>\n<th>Commando Climbing<\/th>\n<th>1<\/th>\n<\/tr>\n<tr>\n<th>Pontoon Climbing<\/th>\n<th>1<\/th>\n<\/tr>\n<\/tbody>\n<\/table>\n","protected":false},"featured_media":3968,"template":"","meta":[],"product_cat":[57],"product_tag":[],"_links":{"self":[{"href":"https:\/\/www.efepark.com\/en\/wp-json\/wp\/v2\/product\/3270"}],"collection":[{"href":"https:\/\/www.efepark.com\/en\/wp-json\/wp\/v2\/product"}],"about":[{"href":"https:\/\/www.efepark.com\/en\/wp-json\/wp\/v2\/types\/product"}],"wp:featuredmedia":[{"embeddable":true,"href":"https:\/\/www.efepark.com\/en\/wp-json\/wp\/v2\/media\/3968"}],"wp:attachment":[{"href":"https:\/\/www.efepark.com\/en\/wp-json\/wp\/v2\/media?parent=3270"}],"wp:term":[{"taxonomy":"product_cat","embeddable":true,"href":"https:\/\/www.efepark.com\/en\/wp-json\/wp\/v2\/product_cat?post=3270"},{"taxonomy":"product_tag","embeddable":true,"href":"https:\/\/www.efepark.com\/en\/wp-json\/wp\/v2\/product_tag?post=3270"}],"curies":[{"name":"wp","href":"https:\/\/api.w.org\/{rel}","templated":true}]}}