{"id":3277,"date":"2015-07-05T12:39:01","date_gmt":"2015-07-05T09:39:01","guid":{"rendered":"https:\/\/www.efepark.com\/urun\/p-028\/"},"modified":"2015-07-05T12:39:01","modified_gmt":"2015-07-05T09:39:01","slug":"p-028","status":"publish","type":"product","link":"https:\/\/www.efepark.com\/en\/product\/p-028\/","title":{"rendered":"P.028"},"content":{"rendered":"","protected":false},"excerpt":{"rendered":"<p>Installation Area<\/th>\n<th>810&#215;940 cm<\/th>\n<\/tr>\n<\/tbody>\n<\/table>\n<p><span style=\"color: #000080;\"><div class=\"container section-title-container\" ><h3 class=\"section-title section-title-normal\"><b><\/b><span class=\"section-title-main\" >Aktiviteler<\/span><b><\/b><\/h3><\/div><\/span><\/p>\n<table>\n<tbody>\n<tr>\n<th>\n<h4><b>Par\u00e7a<\/b><\/h4>\n<\/th>\n<th>\n<h4><b>Adet<\/b><\/h4>\n<\/th>\n<\/tr>\n<tr>\n<th>K\u0131sa D\u00fcz Kayd\u0131rak<\/th>\n<th>1<\/th>\n<\/tr>\n<tr>\n<th>K\u0131sa \u0130kili D\u00fcz Kayd\u0131rak<\/th>\n<th>1<\/th>\n<\/tr>\n<tr>\n<th>D\u00fcz Kayd\u0131rak (200cm)<\/th>\n<th>1<\/th>\n<\/tr>\n<tr>\n<th>Spriral Kayd\u0131rak (200cm)<\/th>\n<th>1<\/th>\n<\/tr>\n<tr>\n<th>\n<th><strong>Y\u0131lan T\u00fcp Kayd\u0131rak<\/strong><\/th>\n<p> (260cm)<\/th>\n<th>1<\/th>\n<\/tr>\n<tr>\n<th>Palmiye Fig\u00fcr\u00fc<\/th>\n<th>1<\/th>\n<\/tr>\n<tr>\n<th>G\u00fcne\u015f Fig\u00fcr\u00fc<\/th>\n<th>1<\/th>\n<\/tr>\n<tr>\n<th>Polietilen T\u0131rmanma<\/th>\n<th>1<\/th>\n<\/tr>\n<tr>\n<th>Merdiven<\/th>\n<th>3<\/th>\n<\/tr>\n<tr>\n<th>Tik Tak Pano<\/th>\n<th>3<\/th>\n<\/tr>\n<tr>\n<th>Pano<\/th>\n<th>7<\/th>\n<\/tr>\n<tr>\n<th>Konik \u00c7at\u0131<\/th>\n<th>1<\/th>\n<\/tr>\n<tr>\n<th>Alt\u0131gen \u00c7at\u0131<\/th>\n<th>1<\/th>\n<\/tr>\n<\/tbody>\n<\/table>\n<div class=\"container section-title-container\" ><h3 class=\"section-title section-title-normal\"><b><\/b><span class=\"section-title-main\" >Specifications<\/span><b><\/b><\/h3><\/div>\n<table>\n<tbody>\n<tr>\n<th><a href=\"https:\/\/www.efepark.com\/wp-content\/uploads\/2013\/08\/100713_125359.jpg\"><img class=\"alignnone size-full wp-image-2715\" src=\"https:\/\/www.efepark.com\/wp-content\/uploads\/2013\/08\/100713_125359.jpg\" alt=\"100713_125359\" width=\"25\" height=\"25\" \/><\/a><\/th>\n<th>User Age<\/th>\n<th>3 &#8211; 15 Ya\u015f<\/th>\n<\/tr>\n<tr>\n<th><a href=\"https:\/\/www.efepark.com\/wp-content\/uploads\/2013\/08\/100713_125403.jpg\"><img class=\"alignnone size-full wp-image-2716\" src=\"https:\/\/www.efepark.com\/wp-content\/uploads\/2013\/08\/100713_125403.jpg\" alt=\"100713_125403\" width=\"35\" height=\"25\" \/><\/a><\/th>\n<th>User Capacity<\/th>\n<th>56 Ki\u015fi<\/th>\n<\/tr>\n<tr>\n<th><a href=\"https:\/\/www.efepark.com\/wp-content\/uploads\/2013\/08\/100713_125410.jpg\"><img class=\"alignnone size-full wp-image-2717\" src=\"https:\/\/www.efepark.com\/wp-content\/uploads\/2013\/08\/100713_125410.jpg\" alt=\"100713_125410\" width=\"34\" height=\"24\" \/><\/a><\/th>\n<th>Safety Area<\/th>\n<th>1110&#215;1290 cm<\/th>\n<\/tr>\n<tr>\n<th><img class=\"alignnone wp-image-2956 size-full\" src=\"https:\/\/www.efepark.com\/wp-content\/uploads\/2015\/07\/100713_124901.jpg\" alt=\"\" width=\"25\" height=\"24\" \/><\/th>\n<th>Seating Area<\/th>\n<th>810&#215;940 cm<\/th>\n<\/tr>\n<\/tbody>\n<\/table>\n<p><span style=\"color: #000080;\"><div class=\"container section-title-container\" ><h3 class=\"section-title section-title-normal\"><b><\/b><span class=\"section-title-main\" >Activities<\/span><b><\/b><\/h3><\/div><\/span><\/p>\n<table>\n<tbody>\n<tr>\n<th>\n<h4><b>Unit<\/b><\/h4>\n<\/th>\n<th>\n<h4><b>Pieces<\/b><\/h4>\n<\/th>\n<\/tr>\n<tr>\n<th>Simple Slide<\/th>\n<th>1<\/th>\n<\/tr>\n<tr>\n<th>Short Double Slide<\/th>\n<th>1<\/th>\n<\/tr>\n<tr>\n<th>Simple Slide (200cm)<\/th>\n<th>1<\/th>\n<\/tr>\n<tr>\n<th>Spriral Slide (200cm)<\/th>\n<th>1<\/th>\n<\/tr>\n<tr>\n<th>\u00a0<strong>Snake Tube Slide(260cm)<\/strong><\/th>\n<th><strong>1<\/strong><\/th>\n<\/tr>\n<tr>\n<th>Palm Figure<\/th>\n<th>1<\/th>\n<\/tr>\n<tr>\n<th>Sun Figure<\/th>\n<th>1<\/th>\n<\/tr>\n<tr>\n<th>Polythene Climbing<\/th>\n<th>1<\/th>\n<\/tr>\n<tr>\n<th>Ladder<\/th>\n<th>3<\/th>\n<\/tr>\n<tr>\n<th>Tick Tock Panel<\/th>\n<th>3<\/th>\n<\/tr>\n<tr>\n<th>Panel<\/th>\n<th>7<\/th>\n<\/tr>\n<tr>\n<th>Conical Roof<\/th>\n<th>1<\/th>\n<\/tr>\n<tr>\n<th>Hexagonal Roof<\/th>\n<th>1<\/th>\n<\/tr>\n<\/tbody>\n<\/table>\n","protected":false},"featured_media":4020,"template":"","meta":[],"product_cat":[57],"product_tag":[],"_links":{"self":[{"href":"https:\/\/www.efepark.com\/en\/wp-json\/wp\/v2\/product\/3277"}],"collection":[{"href":"https:\/\/www.efepark.com\/en\/wp-json\/wp\/v2\/product"}],"about":[{"href":"https:\/\/www.efepark.com\/en\/wp-json\/wp\/v2\/types\/product"}],"wp:featuredmedia":[{"embeddable":true,"href":"https:\/\/www.efepark.com\/en\/wp-json\/wp\/v2\/media\/4020"}],"wp:attachment":[{"href":"https:\/\/www.efepark.com\/en\/wp-json\/wp\/v2\/media?parent=3277"}],"wp:term":[{"taxonomy":"product_cat","embeddable":true,"href":"https:\/\/www.efepark.com\/en\/wp-json\/wp\/v2\/product_cat?post=3277"},{"taxonomy":"product_tag","embeddable":true,"href":"https:\/\/www.efepark.com\/en\/wp-json\/wp\/v2\/product_tag?post=3277"}],"curies":[{"name":"wp","href":"https:\/\/api.w.org\/{rel}","templated":true}]}}